{"id":126,"date":"2011-10-24T22:23:23","date_gmt":"2011-10-24T22:23:23","guid":{"rendered":"http:\/\/emotional.bestinplanet.com\/?page_id=126"},"modified":"2013-03-22T16:28:00","modified_gmt":"2013-03-22T16:28:00","slug":"artistic-res-1","status":"publish","type":"page","link":"https:\/\/dans.ro\/e-motional\/2011-2013\/motion-fund\/artistic-res-1\/","title":{"rendered":"ArtistNe(s)t Residencies"},"content":{"rendered":"<p>The international <strong>ArtistNe(s)t Residencies<\/strong> aim to offer support to the development of new work by young and mid-career choreographers and is addressed to artists based in the 6 participating countries of the project: Romania, Cyprus, Ireland, Latvia, United Kingdom, and Turkey. The residency programme is inspired from and plans to continue and expand the work started by the ArtistNe(s)t artist-in-residence network in Romania set up by Gabriela Tudor and the Swiss Cultural Program in Romania in 2006, a unique international residency programme for contemporary arts in the region. Around 14 projects will be awarded between 2011-2013.<\/p>\n<p><strong>What we are looking for, how the residency will proceed<a href=\"https:\/\/dans.ro\/e-motional\/2011-2013\/wp-content\/uploads\/riga_res.gif\"><img loading=\"lazy\" decoding=\"async\" class=\"alignright size-full wp-image-368\" title=\"riga_res\" alt=\"\" src=\"https:\/\/dans.ro\/e-motional\/2011-2013\/wp-content\/uploads\/riga_res.gif\" width=\"300\" height=\"225\" \/><\/a><\/strong><br \/>\nThe choreographers, either alone or together with a collaborator of their choice (dancer, visual artist, manager, etc.), will be granted a four-week residency to work on an ongoing project, start a new project or collaborate with local artists. Special attention will be given to projects matching the theme of the project and to collaborations and exchanges with local artistic communities. Travel costs, per diem, accommodation and rehearsal space for the entire residency period are provided, together with a fee per project awarded. The host organisation will facilitate contacts with the local artistic community, informal presentations and meetings, or the organisation of workshops open to local artists. In exchange, the invited artists will give warm-up classes for local dancers, lead dance workshops for professionals or interested audiences, or hold video-lectures on their own artistic work. Each residency will close with an informal presentation held by participating artists.<\/p>\n<p><strong>AWARDEES 2011-2013<br \/>\n<span style=\"font-size: 13px; line-height: 19px;\">18 projects, 31 artists from 6 countries<\/span><\/strong><\/p>\n<p>Mihaela Dancs &amp; M\u0103d\u0103lina Dan (RO)<br \/>\nresidency in Riga, Latvia (September 2011)<\/p>\n<p>Paul Dunca (RO) &amp; Krassen Krastev (BG)<br \/>\nresidency in Bac\u0103u, Romania (October 2011)<\/p>\n<p>Katrina Albuze (LV)<br \/>\nresidency in Bac\u0103u, Romania (October 2011)<\/p>\n<p>Anna Dubrovska (LV)<br \/>\nresidency in Dublin &amp; Limerick, Ireland (November 2011)<\/p>\n<p>Sergiu Mati\u0219 (RO\/DE) &amp; Sheena McGrandles (Northern Ireland)<br \/>\nresidence in Dublin &amp; Limerick, Ireland (February-March 2012)<\/p>\n<p>Ana Costea &amp; Larisa Crun\u021beanu (RO)<br \/>\nresidency in Bac\u0103u, Romania (May 2012)<\/p>\n<p>Nick Bryson, Damian Punch &amp; Cristina Goletti (IE)<br \/>\nresidency in Limassol, Cyprus (June 2012)<\/p>\n<p>Alexandra Pirici &amp; Andrei Dinu (RO)<br \/>\nresidency in Limassol, Cyprus (July 2012)<\/p>\n<p>Kristine Vismane (LV)<br \/>\nresidency in Limassol, Cyprus (July 2012)<\/p>\n<p>Liadain Herriott (IE) &amp; Katrina Kalnina (LV)<br \/>\nresidency in Riga, Latvia (August 2012)<\/p>\n<p>Lynnette Moran &amp; Emma O\u2019Kane (IE)<br \/>\nresidency in Riga, Latvia (August 2012)<\/p>\n<p>Renata Gaspar (UK)<br \/>\nresidency in Limerick, Ireland (September 2012)<\/p>\n<p>Priya Mistry (UK) &amp; Andreea Bibiri (RO)<br \/>\nresidency in Bucharest &amp; Bac\u0103u, Romania (September 2012)<\/p>\n<p>\u00d6zlem Alk\u0131\u015f (TR) &amp; Vlaicu Golcea (RO)<br \/>\nresidency in Bucharest &amp; Bac\u0103u, Romania (September 2012)<\/p>\n<p>Cristina Lilienfeld (RO)<br \/>\nresidency in Bucharest, Romania (October 2012)<\/p>\n<p>Marina Poyiadji (CY) &amp; Virgina Negru (RO)<br \/>\nresidency in Bucharest, Romania (June 2012) and Limassol, Cyprus (March 2013)<\/p>\n<p>Gemma Rigs (UK), Mircea Ghinea (RO), Laura Murphy (IE)<br \/>\nresidency in Cork, Ireland (March 2013)<\/p>\n<p>Fearghus \u00d3 Conch\u00fair (IE) &amp; Olga Zitluhina (LV)<br \/>\nresidency in Limassol, Cyprus (March 2013)<\/p>\n<p><strong>MORE INFO<br \/>\n<a href=\"https:\/\/dans.ro\/e-motional\/2011-2013\/selected-applications-for-artistnest-residencies\/\">SELECTION RESULTS: second round<\/a><br \/>\n<a href=\"https:\/\/dans.ro\/e-motional\/2011-2013\/open-call-artistnest-residency-programme-2012\/\">CALL FOR APPLICATIONS: launched in November 2011<\/a><br \/>\n<a href=\"https:\/\/dans.ro\/e-motional\/2011-2013\/residences_awardees_2011\/\">SELECTION RESULTS: first round<\/a><\/strong><\/p>\n<p><strong>\u00a0<\/strong><\/p>\n<p><strong>\u00a0<\/strong><\/p>\n","protected":false},"excerpt":{"rendered":"<p>The international ArtistNe(s)t Residencies aim to offer support to the development of new work by young and mid-career choreographers and is addressed to artists based in the 6 participating countries of the project: Romania, Cyprus, Ireland, Latvia, United Kingdom, and Turkey. The residency programme is inspired from and plans to continue and expand the work<a class=\"moretag\" href=\"https:\/\/dans.ro\/e-motional\/2011-2013\/motion-fund\/artistic-res-1\/\"> &nbsp;&nbsp;(read more)<\/a><\/p>\n","protected":false},"author":1,"featured_media":0,"parent":87,"menu_order":1,"comment_status":"open","ping_status":"open","template":"","meta":{"footnotes":""},"class_list":["post-126","page","type-page","status-publish","hentry"],"_links":{"self":[{"href":"https:\/\/dans.ro\/e-motional\/2011-2013\/wp-json\/wp\/v2\/pages\/126","targetHints":{"allow":["GET"]}}],"collection":[{"href":"https:\/\/dans.ro\/e-motional\/2011-2013\/wp-json\/wp\/v2\/pages"}],"about":[{"href":"https:\/\/dans.ro\/e-motional\/2011-2013\/wp-json\/wp\/v2\/types\/page"}],"author":[{"embeddable":true,"href":"https:\/\/dans.ro\/e-motional\/2011-2013\/wp-json\/wp\/v2\/users\/1"}],"replies":[{"embeddable":true,"href":"https:\/\/dans.ro\/e-motional\/2011-2013\/wp-json\/wp\/v2\/comments?post=126"}],"version-history":[{"count":0,"href":"https:\/\/dans.ro\/e-motional\/2011-2013\/wp-json\/wp\/v2\/pages\/126\/revisions"}],"up":[{"embeddable":true,"href":"https:\/\/dans.ro\/e-motional\/2011-2013\/wp-json\/wp\/v2\/pages\/87"}],"wp:attachment":[{"href":"https:\/\/dans.ro\/e-motional\/2011-2013\/wp-json\/wp\/v2\/media?parent=126"}],"curies":[{"name":"wp","href":"https:\/\/api.w.org\/{rel}","templated":true}]}}