{"id":162,"date":"2011-11-02T16:55:20","date_gmt":"2011-11-02T16:55:20","guid":{"rendered":"https:\/\/dans.ro\/e-motional\/2011-2013\/?page_id=162"},"modified":"2013-03-22T13:37:43","modified_gmt":"2013-03-22T13:37:43","slug":"e-motional-forum","status":"publish","type":"page","link":"https:\/\/dans.ro\/e-motional\/2011-2013\/event\/e-motional-forum\/","title":{"rendered":"E-Motional Festival &#038; Forum"},"content":{"rendered":"<p><strong>E-Motional Festival: moving bodies &amp; cities<\/strong><br \/>\nBucharest, April 12-14, 2013<\/p>\n<p>Gabriela Tudor Foundation and the National Dance Centre in Bucharest present the \u201cE-Motional Festival: moving bodies &amp; cities\u201d, to take place between April 12-14 at the Museum for Contemporary Arts in Bucharest, co-organising partner of the event, as well as at ZonaD \u2013 Serial Paradise studio. The festival closes the E-Motional Bodies &amp; Cities, a two-year programme dedicated to mobility and artistic exchanges in the field of contemporary dance, organised between 2011-2013.<\/p>\n<p>The festival will include video-installation vernisage, public events and process sharings dedicated to the E-Motional artistic research, performances from Romania, Latvia, Cyprus and Turkey, among which the premiere of two international co-productions. The event also hosts two roundatbles, one dedicated to <i>Creative Europe<\/i>, the upcoming EU funding programme for cultural projects, presented in partnership with the Cultural Contact Point of Romania, the second one dedicated to artistic collaboration at international level.<\/p>\n<p>The festival will gather over 30 artists participating to the programme, among whom one can count from Romania- Mircea Ghinea, M\u0103d\u0103lina Dan, Mihaela Dancs, Vlaicu Golcea, Farid Fairuz, Bogdana Pascal, from Ireland &#8211; Laura Murphy, Fearghus \u00d3 Conch\u00fair, Mary Wycherley, from Latvia &#8211; Kaspars Lielgalvis, Olga Zitluhina, Sintija Silina, Katrina Albuze,<i> <\/i>Kristine Vismane, Roberts Muci\u0146\u0161, Inta Balode, from UK &#8211; Gemma Riggs, Luke Pell, from Cyprus &#8211; Alexis Vassiliou, Arianna Marcoulides, Souzana Fialas &amp; Nicholas Shantos, from Turkey &#8211; <em>\u00d6zlem Alk\u0131\u015f<\/em>. Festival guests also include artists and programmers from the project countries, as well as from Portugal, USA and Japan.<\/p>\n<p>For two years, E-Motional has supported the contemporary dance communities from the project countries through a complex programme of mobility grants, residencies, artistic research, performance exchanges and co-productions. The professional development of artists and managers alike as well as the support given to artistic experiment have represented key elements in the project vision.<br \/>\n<b><br \/>\n<\/b>The E-Motional Festival is presented and co-organised by <b>Gabriela Tudor Foundation<\/b> in partnership with the <b>National Dance Centre Bucharest<\/b> and the <b>National Museum of Contemporary Arts<\/b>, and financially supported<br \/>\nby the Culture 2007-2013 of the European Union, as well as by the European Cultural Foundation in Amsterdam.<\/p>\n<p>E-MOTIONAL Bodies &amp; Cities is created and produced by <b>Gabriela Tudor Foundation<\/b> in Bucharest in collaboration with key partners <b>Dublin Dance Festival<\/b> and <b>Dance Ireland<\/b> (IE), <b>The Association of Professional Dance Choreographers of Latvia <\/b>(LV), <b>Dance House Lemesos<\/b> (CY), and <b>body&gt;data&gt;space<\/b> (UK), as coorganisers.<\/p>\n<p><i style=\"font-size: 13px; line-height: 19px;\">Media partners:<\/i><span style=\"font-size: 13px; line-height: 19px;\"> \u0218apte Seri, ArtAct magazine, Zeppelin, Tataia, Modernism, ArtClue, Romania Pozitiv\u0103, Metropotam<\/span><\/p>\n<p><a href=\"http:\/\/www.artsf.ro\/files\/E-Motional_program_festival_EN_web.pdf\" target=\"_blank\"><strong>DOWNLOAD Festival Programme<br \/>\n<a href=\"https:\/\/vimeo.com\/62418805\" target=\"_blank\"><strong>CHECK OUT THE FESTIVAL VIDEO<\/strong><\/a><br \/>\n<\/strong><\/a><\/p>\n","protected":false},"excerpt":{"rendered":"<p>E-Motional Festival: moving bodies &amp; cities Bucharest, April 12-14, 2013 Gabriela Tudor Foundation and the National Dance Centre in Bucharest present the \u201cE-Motional Festival: moving bodies &amp; cities\u201d, to take place between April 12-14 at the Museum for Contemporary Arts in Bucharest, co-organising partner of the event, as well as at ZonaD \u2013 Serial Paradise<a class=\"moretag\" href=\"https:\/\/dans.ro\/e-motional\/2011-2013\/event\/e-motional-forum\/\"> &nbsp;&nbsp;(read more)<\/a><\/p>\n","protected":false},"author":1,"featured_media":0,"parent":88,"menu_order":0,"comment_status":"open","ping_status":"open","template":"","meta":{"footnotes":""},"class_list":["post-162","page","type-page","status-publish","hentry"],"_links":{"self":[{"href":"https:\/\/dans.ro\/e-motional\/2011-2013\/wp-json\/wp\/v2\/pages\/162","targetHints":{"allow":["GET"]}}],"collection":[{"href":"https:\/\/dans.ro\/e-motional\/2011-2013\/wp-json\/wp\/v2\/pages"}],"about":[{"href":"https:\/\/dans.ro\/e-motional\/2011-2013\/wp-json\/wp\/v2\/types\/page"}],"author":[{"embeddable":true,"href":"https:\/\/dans.ro\/e-motional\/2011-2013\/wp-json\/wp\/v2\/users\/1"}],"replies":[{"embeddable":true,"href":"https:\/\/dans.ro\/e-motional\/2011-2013\/wp-json\/wp\/v2\/comments?post=162"}],"version-history":[{"count":0,"href":"https:\/\/dans.ro\/e-motional\/2011-2013\/wp-json\/wp\/v2\/pages\/162\/revisions"}],"up":[{"embeddable":true,"href":"https:\/\/dans.ro\/e-motional\/2011-2013\/wp-json\/wp\/v2\/pages\/88"}],"wp:attachment":[{"href":"https:\/\/dans.ro\/e-motional\/2011-2013\/wp-json\/wp\/v2\/media?parent=162"}],"curies":[{"name":"wp","href":"https:\/\/api.w.org\/{rel}","templated":true}]}}